{"id":311,"date":"2023-12-18T06:10:25","date_gmt":"2023-12-18T06:10:25","guid":{"rendered":"https:\/\/hakamoui.com\/?page_id=311"},"modified":"2024-01-07T05:37:00","modified_gmt":"2024-01-07T05:37:00","slug":"tarifs-pension-hakamoui-ua-pou-marquises","status":"publish","type":"page","link":"https:\/\/hakamoui.com\/?page_id=311","title":{"rendered":"Tarifs"},"content":{"rendered":"\t\t<div data-elementor-type=\"wp-page\" data-elementor-id=\"311\" class=\"elementor elementor-311\" data-elementor-post-type=\"page\">\n\t\t\t\t\t\t\t<div class=\"elementor-element elementor-element-7b1020c e-con-full e-flex e-con e-parent\" data-id=\"7b1020c\" data-element_type=\"container\" data-settings=\"{&quot;content_width&quot;:&quot;full&quot;}\" data-core-v316-plus=\"true\">\n\t\t\t\t<div class=\"elementor-element elementor-element-59d766ad elementor-invisible elementor-widget elementor-widget-heading\" data-id=\"59d766ad\" data-element_type=\"widget\" data-settings=\"{&quot;_animation&quot;:&quot;fadeInRight&quot;}\" data-widget_type=\"heading.default\">\n\t\t\t\t<div class=\"elementor-widget-container\">\n\t\t\t<style>\/*! elementor - v3.18.0 - 08-12-2023 *\/\n.elementor-heading-title{padding:0;margin:0;line-height:1}.elementor-widget-heading .elementor-heading-title[class*=elementor-size-]>a{color:inherit;font-size:inherit;line-height:inherit}.elementor-widget-heading .elementor-heading-title.elementor-size-small{font-size:15px}.elementor-widget-heading .elementor-heading-title.elementor-size-medium{font-size:19px}.elementor-widget-heading .elementor-heading-title.elementor-size-large{font-size:29px}.elementor-widget-heading .elementor-heading-title.elementor-size-xl{font-size:39px}.elementor-widget-heading .elementor-heading-title.elementor-size-xxl{font-size:59px}<\/style><h1 class=\"elementor-heading-title elementor-size-default\">pension Hakamoui<\/h1>\t\t<\/div>\n\t\t\t\t<\/div>\n\t\t\t\t<div class=\"elementor-element elementor-element-1baf9b90 elementor-invisible elementor-widget elementor-widget-heading\" data-id=\"1baf9b90\" data-element_type=\"widget\" data-settings=\"{&quot;_animation&quot;:&quot;fadeInLeft&quot;}\" data-widget_type=\"heading.default\">\n\t\t\t\t<div class=\"elementor-widget-container\">\n\t\t\t<h4 class=\"elementor-heading-title elementor-size-default\">Beach<\/h4>\t\t<\/div>\n\t\t\t\t<\/div>\n\t\t\t\t<\/div>\n\t\t<div class=\"elementor-element elementor-element-3731ac16 e-con-full e-flex e-con e-parent\" data-id=\"3731ac16\" data-element_type=\"container\" data-settings=\"{&quot;content_width&quot;:&quot;full&quot;}\" data-core-v316-plus=\"true\">\n\t\t\t\t<div class=\"elementor-element elementor-element-a0f2b89 elementor-widget elementor-widget-heading\" data-id=\"a0f2b89\" data-element_type=\"widget\" data-widget_type=\"heading.default\">\n\t\t\t\t<div class=\"elementor-widget-container\">\n\t\t\t<h2 class=\"elementor-heading-title elementor-size-large\">Tarifs<\/h2>\t\t<\/div>\n\t\t\t\t<\/div>\n\t\t\t\t<div class=\"elementor-element elementor-element-82da399 elementor-widget elementor-widget-image\" data-id=\"82da399\" data-element_type=\"widget\" data-widget_type=\"image.default\">\n\t\t\t\t<div class=\"elementor-widget-container\">\n\t\t\t<style>\/*! elementor - v3.18.0 - 08-12-2023 *\/\n.elementor-widget-image{text-align:center}.elementor-widget-image a{display:inline-block}.elementor-widget-image a img[src$=\".svg\"]{width:48px}.elementor-widget-image img{vertical-align:middle;display:inline-block}<\/style>\t\t\t\t\t\t\t\t\t\t\t\t<img fetchpriority=\"high\" decoding=\"async\" width=\"960\" height=\"668\" src=\"https:\/\/hakamoui.com\/wp-content\/uploads\/2023\/12\/21314298_1836107216406904_5636351931306814972_n-1.jpg\" class=\"attachment-large size-large wp-image-179\" alt=\"\" srcset=\"https:\/\/hakamoui.com\/wp-content\/uploads\/2023\/12\/21314298_1836107216406904_5636351931306814972_n-1.jpg 960w, https:\/\/hakamoui.com\/wp-content\/uploads\/2023\/12\/21314298_1836107216406904_5636351931306814972_n-1-300x209.jpg 300w, https:\/\/hakamoui.com\/wp-content\/uploads\/2023\/12\/21314298_1836107216406904_5636351931306814972_n-1-768x534.jpg 768w\" sizes=\"(max-width: 960px) 100vw, 960px\" \/>\t\t\t\t\t\t\t\t\t\t\t\t\t\t\t<\/div>\n\t\t\t\t<\/div>\n\t\t\t\t<div class=\"elementor-element elementor-element-a1d5236 elementor-widget elementor-widget-heading\" data-id=\"a1d5236\" data-element_type=\"widget\" data-widget_type=\"heading.default\">\n\t\t\t\t<div class=\"elementor-widget-container\">\n\t\t\t<h2 class=\"elementor-heading-title elementor-size-default\">nos h\u00f4tes parlent pour nous<\/h2>\t\t<\/div>\n\t\t\t\t<\/div>\n\t\t<div class=\"elementor-element elementor-element-22401d3b e-flex e-con-boxed e-con e-child\" data-id=\"22401d3b\" data-element_type=\"container\" data-settings=\"{&quot;content_width&quot;:&quot;boxed&quot;}\">\n\t\t\t\t\t<div class=\"e-con-inner\">\n\t\t\t\t<div class=\"elementor-element elementor-element-de0ec28 elementor--star-style-star_unicode elementor-star-rating--align-center elementor-widget elementor-widget-star-rating\" data-id=\"de0ec28\" data-element_type=\"widget\" data-widget_type=\"star-rating.default\">\n\t\t\t\t<div class=\"elementor-widget-container\">\n\t\t\t<style>\/*! elementor - v3.18.0 - 08-12-2023 *\/\n@charset \"UTF-8\";.elementor-star-rating{color:#ccd6df;font-family:eicons;display:inline-block}.elementor-star-rating i{display:inline-block;position:relative;font-style:normal;cursor:default}.elementor-star-rating i:before{content:\"\\e934\";display:block;font-size:inherit;font-family:inherit;position:absolute;overflow:hidden;color:#f0ad4e;top:0;left:0}.elementor-star-rating .elementor-star-empty:before{content:none}.elementor-star-rating .elementor-star-1:before{width:10%}.elementor-star-rating .elementor-star-2:before{width:20%}.elementor-star-rating .elementor-star-3:before{width:30%}.elementor-star-rating .elementor-star-4:before{width:40%}.elementor-star-rating .elementor-star-5:before{width:50%}.elementor-star-rating .elementor-star-6:before{width:60%}.elementor-star-rating .elementor-star-7:before{width:70%}.elementor-star-rating .elementor-star-8:before{width:80%}.elementor-star-rating .elementor-star-9:before{width:90%}.elementor-star-rating__wrapper{display:flex;align-items:center}.elementor-star-rating__title{margin-right:10px}.elementor-star-rating--align-right .elementor-star-rating__wrapper{text-align:right;justify-content:flex-end}.elementor-star-rating--align-left .elementor-star-rating__wrapper{text-align:left;justify-content:flex-start}.elementor-star-rating--align-center .elementor-star-rating__wrapper{text-align:center;justify-content:center}.elementor-star-rating--align-justify .elementor-star-rating__title{margin-right:auto}@media (max-width:1024px){.elementor-star-rating-tablet--align-right .elementor-star-rating__wrapper{text-align:right;justify-content:flex-end}.elementor-star-rating-tablet--align-left .elementor-star-rating__wrapper{text-align:left;justify-content:flex-start}.elementor-star-rating-tablet--align-center .elementor-star-rating__wrapper{text-align:center;justify-content:center}.elementor-star-rating-tablet--align-justify .elementor-star-rating__title{margin-right:auto}}@media (max-width:767px){.elementor-star-rating-mobile--align-right .elementor-star-rating__wrapper{text-align:right;justify-content:flex-end}.elementor-star-rating-mobile--align-left .elementor-star-rating__wrapper{text-align:left;justify-content:flex-start}.elementor-star-rating-mobile--align-center .elementor-star-rating__wrapper{text-align:center;justify-content:center}.elementor-star-rating-mobile--align-justify .elementor-star-rating__title{margin-right:auto}}.last-star{letter-spacing:0}.elementor--star-style-star_unicode .elementor-star-rating{font-family:Arial,Helvetica,sans-serif}.elementor--star-style-star_unicode .elementor-star-rating i:not(.elementor-star-empty):before{content:\"\u2605\"}<\/style>\n\t\t<div class=\"elementor-star-rating__wrapper\">\n\t\t\t\t\t\t<div class=\"elementor-star-rating\" title=\"5\/5\" itemtype=\"http:\/\/schema.org\/Rating\" itemscope=\"\" itemprop=\"reviewRating\"><i class=\"elementor-star-full\">&#9733;<\/i><i class=\"elementor-star-full\">&#9733;<\/i><i class=\"elementor-star-full\">&#9733;<\/i><i class=\"elementor-star-full\">&#9733;<\/i><i class=\"elementor-star-full\">&#9733;<\/i> <span itemprop=\"ratingValue\" class=\"elementor-screen-only\">5\/5<\/span><\/div>\t\t<\/div>\n\t\t\t\t<\/div>\n\t\t\t\t<\/div>\n\t\t\t\t<div class=\"elementor-element elementor-element-38f6bcf7 elementor-testimonial--skin-default elementor-testimonial--layout-image_inline elementor-testimonial--align-center elementor-pagination-type-bullets elementor-widget elementor-widget-testimonial-carousel\" data-id=\"38f6bcf7\" data-element_type=\"widget\" data-settings=\"{&quot;autoplay_speed&quot;:&quot;4000&quot;,&quot;pagination&quot;:&quot;bullets&quot;,&quot;speed&quot;:500,&quot;autoplay&quot;:&quot;yes&quot;,&quot;loop&quot;:&quot;yes&quot;,&quot;pause_on_hover&quot;:&quot;yes&quot;,&quot;pause_on_interaction&quot;:&quot;yes&quot;,&quot;space_between&quot;:{&quot;unit&quot;:&quot;px&quot;,&quot;size&quot;:10,&quot;sizes&quot;:[]},&quot;space_between_tablet&quot;:{&quot;unit&quot;:&quot;px&quot;,&quot;size&quot;:10,&quot;sizes&quot;:[]},&quot;space_between_mobile&quot;:{&quot;unit&quot;:&quot;px&quot;,&quot;size&quot;:10,&quot;sizes&quot;:[]}}\" data-widget_type=\"testimonial-carousel.default\">\n\t\t\t\t<div class=\"elementor-widget-container\">\n\t\t\t<link rel=\"stylesheet\" href=\"https:\/\/hakamoui.com\/wp-content\/plugins\/elementor-pro\/assets\/css\/widget-carousel.min.css\">\t\t<div class=\"elementor-swiper\">\n\t\t\t<div class=\"elementor-main-swiper swiper\">\n\t\t\t\t<div class=\"swiper-wrapper\">\n\t\t\t\t\t\t\t\t\t\t\t<div class=\"swiper-slide\">\n\t\t\t\t\t\t\t\t\t<div class=\"elementor-testimonial\">\n\t\t\t\t\t\t\t<div class=\"elementor-testimonial__content\">\n\t\t\t\t\t<div class=\"elementor-testimonial__text\">\n\t\t\t\t\t\t\"Merci Gaspard pour ta convivialit\u00e9 et ton professionnalisme.\nPension au calme , loin du village .Bungalows tr\u00e8s agr\u00e9ables , devant une plage de galets .\nTable d\u2019h\u00f4tes avec une belle ambiance gr\u00e2ce \u00e0 la gentillesse de Gaspard et de son \u00e9pouse .\nPetits d\u00e9jeuners et d\u00eeners conviviaux et tr\u00e8s copieux.\nLocation de voiture sur place , c\u2019est tr\u00e8s pratique.\nIl y a une belle collection de grands drapeaux internationaux, n\u2019oubliez pas d\u2019apporter celui de votre r\u00e9gion\"\t\t\t\t\t<\/div>\n\t\t\t\t\t\t\t\t\t<\/div>\n\t\t\t\t\t\t<div class=\"elementor-testimonial__footer\">\n\t\t\t\t\t\t\t\t<cite class=\"elementor-testimonial__cite\"><span class=\"elementor-testimonial__name\">Fabienne Gavinet<\/span><\/cite>\t\t\t<\/div>\n\t\t<\/div>\n\t\t\t\t\t\t\t\t<\/div>\n\t\t\t\t\t\t\t\t\t\t\t<div class=\"swiper-slide\">\n\t\t\t\t\t\t\t\t\t<div class=\"elementor-testimonial\">\n\t\t\t\t\t\t\t<div class=\"elementor-testimonial__content\">\n\t\t\t\t\t<div class=\"elementor-testimonial__text\">\n\t\t\t\t\t\t\u201cGrand coup de c\u0153ur pour la pension de Dany \u2026. Vall\u00e9e des Rois \u2026. Magnifique endroit pour ceux qui aiment le bruit des vagues \ud83d\ude0daccueil chaleureux, cuisine excellente, petit d\u00e9jeuner fabuleux \u2026.. le tout dans un cadre typique et sans chichi \u201d\t\t\t\t\t<\/div>\n\t\t\t\t\t\t\t\t\t<\/div>\n\t\t\t\t\t\t<div class=\"elementor-testimonial__footer\">\n\t\t\t\t\t\t\t\t<cite class=\"elementor-testimonial__cite\"><span class=\"elementor-testimonial__name\">Muriel JC Aimata<\/span><\/cite>\t\t\t<\/div>\n\t\t<\/div>\n\t\t\t\t\t\t\t\t<\/div>\n\t\t\t\t\t\t\t\t\t\t\t<div class=\"swiper-slide\">\n\t\t\t\t\t\t\t\t\t<div class=\"elementor-testimonial\">\n\t\t\t\t\t\t\t<div class=\"elementor-testimonial__content\">\n\t\t\t\t\t<div class=\"elementor-testimonial__text\">\n\t\t\t\t\t\t\u201cEndroit magnifique et calme\nDanny, Merci pour tout! un passage d'une semaine en paix total, bouffe \"light\" d\u00e9licieuse ! La musique des vagues pour la nuit, nous avons passez de tr\u00e8s bon moment. Ua Pou en saison s\u00e9cheresse, pas manqu\u00e9 d'eau pour nous. Bisous \u00e0 tous, et \"check\" \u00e0 Esperanza aussi ! \u00c4 bient\u00f4t!\u201d\t\t\t\t\t<\/div>\n\t\t\t\t\t\t\t\t\t<\/div>\n\t\t\t\t\t\t<div class=\"elementor-testimonial__footer\">\n\t\t\t\t\t\t\t\t<cite class=\"elementor-testimonial__cite\"><span class=\"elementor-testimonial__name\">Zimex Arthur<\/span><\/cite>\t\t\t<\/div>\n\t\t<\/div>\n\t\t\t\t\t\t\t\t<\/div>\n\t\t\t\t\t\t\t\t\t\t\t<div class=\"swiper-slide\">\n\t\t\t\t\t\t\t\t\t<div class=\"elementor-testimonial\">\n\t\t\t\t\t\t\t<div class=\"elementor-testimonial__content\">\n\t\t\t\t\t<div class=\"elementor-testimonial__text\">\n\t\t\t\t\t\t\"Un moment magique une belle rencontre dans un endroit recul\u00e9 et magnifique\nUn endroit tr\u00e8s joli et agr\u00e9able au fond de la vall\u00e9e dans des bungalows spacieux et de tr\u00e8s bonnes qualit\u00e9s\u2026 mais ce n\u2019est rien par rapport \u00e0 l\u2019accueil et l\u2019\u00e9coute et les \u00e9changes avec Dany et sa famille\u2026 un vrai coup de foudre o\u00f9 nous avons v\u00e9cu au milieu de cette famille marquisienne qui nous a fait voir et partager tout l\u2019amour de leur \u00eele : des soir\u00e9es d\u2019\u00e9changes autour de repas succulents qui s\u2019\u00e9ternisaient y compris sur le port de UA Pou \u00e0 la p\u00eache \u00e0 la ligne des langoustes avec Dany et Gaspard. Gaspard qui nous a conduit partout et \u00e9tait totalement \u00e0 notre \u00e9coute et nous a amen\u00e9 et racont\u00e9 les lieux et l\u00e9gendes \u2026 si vous voulez vous immerger dans les marquises dans une \u00eele fabuleuse vous \u00eates au bon endroit\u2026\"\t\t\t\t\t<\/div>\n\t\t\t\t\t\t\t\t\t<\/div>\n\t\t\t\t\t\t<div class=\"elementor-testimonial__footer\">\n\t\t\t\t\t\t\t\t<cite class=\"elementor-testimonial__cite\"><span class=\"elementor-testimonial__name\">Jean Leguilou<\/span><\/cite>\t\t\t<\/div>\n\t\t<\/div>\n\t\t\t\t\t\t\t\t<\/div>\n\t\t\t\t\t\t\t\t\t<\/div>\n\t\t\t\t\t\t\t\t\t\t\t\t\t\t\t<div class=\"swiper-pagination\"><\/div>\n\t\t\t\t\t\t\t\t\t\t\t\t\t\t\t\t\t<\/div>\n\t\t<\/div>\n\t\t\t\t<\/div>\n\t\t\t\t<\/div>\n\t\t\t\t\t<\/div>\n\t\t\t\t<\/div>\n\t\t\t\t<\/div>\n\t\t\t\t\t\t\t<\/div>\n\t\t","protected":false},"excerpt":{"rendered":"<p>pension Hakamoui Beach Tarifs nos h\u00f4tes parlent pour nous &#9733;&#9733;&#9733;&#9733;&#9733; 5\/5 \u00ab\u00a0Merci Gaspard pour ta convivialit\u00e9 et ton professionnalisme. Pension au calme , loin du village .Bungalows tr\u00e8s agr\u00e9ables , devant une plage de galets . Table d\u2019h\u00f4tes avec une belle ambiance gr\u00e2ce \u00e0 la gentillesse de Gaspard et de son \u00e9pouse . Petits d\u00e9jeuners [&hellip;]<\/p>\n","protected":false},"author":1,"featured_media":0,"parent":0,"menu_order":0,"comment_status":"closed","ping_status":"closed","template":"elementor_header_footer","meta":{"footnotes":""},"class_list":["post-311","page","type-page","status-publish","hentry"],"yoast_head":"<!-- This site is optimized with the Yoast SEO plugin v21.7 - https:\/\/yoast.com\/wordpress\/plugins\/seo\/ -->\n<title>Tarifs - Hakamoui Beach<\/title>\n<meta name=\"description\" content=\"La pension Hakamoui Beach vous accueille pour un sejour incroyable sur Ua Pou dans les \u00eeles marquises\" \/>\n<meta name=\"robots\" content=\"index, follow, max-snippet:-1, max-image-preview:large, max-video-preview:-1\" \/>\n<link rel=\"canonical\" href=\"https:\/\/hakamoui.com\/?page_id=311\" \/>\n<meta property=\"og:locale\" content=\"fr_FR\" \/>\n<meta property=\"og:type\" content=\"article\" \/>\n<meta property=\"og:title\" content=\"Tarifs - Hakamoui Beach\" \/>\n<meta property=\"og:description\" content=\"La pension Hakamoui Beach vous accueille pour un sejour incroyable sur Ua Pou dans les \u00eeles marquises\" \/>\n<meta property=\"og:url\" content=\"https:\/\/hakamoui.com\/?page_id=311\" \/>\n<meta property=\"og:site_name\" content=\"Hakamoui Beach\" \/>\n<meta property=\"article:modified_time\" content=\"2024-01-07T05:37:00+00:00\" \/>\n<meta property=\"og:image\" content=\"https:\/\/hakamoui.com\/wp-content\/uploads\/2023\/12\/21314298_1836107216406904_5636351931306814972_n-1.jpg\" \/>\n<meta name=\"twitter:card\" content=\"summary_large_image\" \/>\n<meta name=\"twitter:label1\" content=\"Dur\u00e9e de lecture estim\u00e9e\" \/>\n\t<meta name=\"twitter:data1\" content=\"4 minutes\" \/>\n<script type=\"application\/ld+json\" class=\"yoast-schema-graph\">{\"@context\":\"https:\/\/schema.org\",\"@graph\":[{\"@type\":\"WebPage\",\"@id\":\"https:\/\/hakamoui.com\/?page_id=311\",\"url\":\"https:\/\/hakamoui.com\/?page_id=311\",\"name\":\"Tarifs - Hakamoui Beach\",\"isPartOf\":{\"@id\":\"https:\/\/hakamoui.com\/#website\"},\"datePublished\":\"2023-12-18T06:10:25+00:00\",\"dateModified\":\"2024-01-07T05:37:00+00:00\",\"description\":\"La pension Hakamoui Beach vous accueille pour un sejour incroyable sur Ua Pou dans les \u00eeles marquises\",\"breadcrumb\":{\"@id\":\"https:\/\/hakamoui.com\/?page_id=311#breadcrumb\"},\"inLanguage\":\"fr-FR\",\"potentialAction\":[{\"@type\":\"ReadAction\",\"target\":[\"https:\/\/hakamoui.com\/?page_id=311\"]}]},{\"@type\":\"BreadcrumbList\",\"@id\":\"https:\/\/hakamoui.com\/?page_id=311#breadcrumb\",\"itemListElement\":[{\"@type\":\"ListItem\",\"position\":1,\"name\":\"Accueil\",\"item\":\"https:\/\/hakamoui.com\/\"},{\"@type\":\"ListItem\",\"position\":2,\"name\":\"Tarifs\"}]},{\"@type\":\"WebSite\",\"@id\":\"https:\/\/hakamoui.com\/#website\",\"url\":\"https:\/\/hakamoui.com\/\",\"name\":\"Hakamoui Beach\",\"description\":\"Pension familiale de Ua Pou aux &icirc;les marquises en Polyn&eacute;sie francaise\",\"potentialAction\":[{\"@type\":\"SearchAction\",\"target\":{\"@type\":\"EntryPoint\",\"urlTemplate\":\"https:\/\/hakamoui.com\/?s={search_term_string}\"},\"query-input\":\"required name=search_term_string\"}],\"inLanguage\":\"fr-FR\"}]}<\/script>\n<!-- \/ Yoast SEO plugin. -->","yoast_head_json":{"title":"Tarifs - Hakamoui Beach","description":"La pension Hakamoui Beach vous accueille pour un sejour incroyable sur Ua Pou dans les \u00eeles marquises","robots":{"index":"index","follow":"follow","max-snippet":"max-snippet:-1","max-image-preview":"max-image-preview:large","max-video-preview":"max-video-preview:-1"},"canonical":"https:\/\/hakamoui.com\/?page_id=311","og_locale":"fr_FR","og_type":"article","og_title":"Tarifs - Hakamoui Beach","og_description":"La pension Hakamoui Beach vous accueille pour un sejour incroyable sur Ua Pou dans les \u00eeles marquises","og_url":"https:\/\/hakamoui.com\/?page_id=311","og_site_name":"Hakamoui Beach","article_modified_time":"2024-01-07T05:37:00+00:00","og_image":[{"url":"https:\/\/hakamoui.com\/wp-content\/uploads\/2023\/12\/21314298_1836107216406904_5636351931306814972_n-1.jpg"}],"twitter_card":"summary_large_image","twitter_misc":{"Dur\u00e9e de lecture estim\u00e9e":"4 minutes"},"schema":{"@context":"https:\/\/schema.org","@graph":[{"@type":"WebPage","@id":"https:\/\/hakamoui.com\/?page_id=311","url":"https:\/\/hakamoui.com\/?page_id=311","name":"Tarifs - Hakamoui Beach","isPartOf":{"@id":"https:\/\/hakamoui.com\/#website"},"datePublished":"2023-12-18T06:10:25+00:00","dateModified":"2024-01-07T05:37:00+00:00","description":"La pension Hakamoui Beach vous accueille pour un sejour incroyable sur Ua Pou dans les \u00eeles marquises","breadcrumb":{"@id":"https:\/\/hakamoui.com\/?page_id=311#breadcrumb"},"inLanguage":"fr-FR","potentialAction":[{"@type":"ReadAction","target":["https:\/\/hakamoui.com\/?page_id=311"]}]},{"@type":"BreadcrumbList","@id":"https:\/\/hakamoui.com\/?page_id=311#breadcrumb","itemListElement":[{"@type":"ListItem","position":1,"name":"Accueil","item":"https:\/\/hakamoui.com\/"},{"@type":"ListItem","position":2,"name":"Tarifs"}]},{"@type":"WebSite","@id":"https:\/\/hakamoui.com\/#website","url":"https:\/\/hakamoui.com\/","name":"Hakamoui Beach","description":"Pension familiale de Ua Pou aux &icirc;les marquises en Polyn&eacute;sie francaise","potentialAction":[{"@type":"SearchAction","target":{"@type":"EntryPoint","urlTemplate":"https:\/\/hakamoui.com\/?s={search_term_string}"},"query-input":"required name=search_term_string"}],"inLanguage":"fr-FR"}]}},"_links":{"self":[{"href":"https:\/\/hakamoui.com\/index.php?rest_route=\/wp\/v2\/pages\/311","targetHints":{"allow":["GET"]}}],"collection":[{"href":"https:\/\/hakamoui.com\/index.php?rest_route=\/wp\/v2\/pages"}],"about":[{"href":"https:\/\/hakamoui.com\/index.php?rest_route=\/wp\/v2\/types\/page"}],"author":[{"embeddable":true,"href":"https:\/\/hakamoui.com\/index.php?rest_route=\/wp\/v2\/users\/1"}],"replies":[{"embeddable":true,"href":"https:\/\/hakamoui.com\/index.php?rest_route=%2Fwp%2Fv2%2Fcomments&post=311"}],"version-history":[{"count":9,"href":"https:\/\/hakamoui.com\/index.php?rest_route=\/wp\/v2\/pages\/311\/revisions"}],"predecessor-version":[{"id":408,"href":"https:\/\/hakamoui.com\/index.php?rest_route=\/wp\/v2\/pages\/311\/revisions\/408"}],"wp:attachment":[{"href":"https:\/\/hakamoui.com\/index.php?rest_route=%2Fwp%2Fv2%2Fmedia&parent=311"}],"curies":[{"name":"wp","href":"https:\/\/api.w.org\/{rel}","templated":true}]}}